{"id":245,"date":"2026-03-07T09:22:18","date_gmt":"2026-03-07T08:22:18","guid":{"rendered":"https:\/\/bluetropea.it\/?page_id=245"},"modified":"2026-03-07T09:27:08","modified_gmt":"2026-03-07T08:27:08","slug":"spedizioni","status":"publish","type":"page","link":"https:\/\/bluetropea.it\/index.php\/spedizioni\/","title":{"rendered":"Spedizioni"},"content":{"rendered":"\t\t<div data-elementor-type=\"wp-page\" data-elementor-id=\"245\" class=\"elementor elementor-245\" data-elementor-post-type=\"page\">\n\t\t\t\t<div class=\"elementor-element elementor-element-361b643 e-flex e-con-boxed e-con e-parent\" data-id=\"361b643\" data-element_type=\"container\" data-e-type=\"container\">\n\t\t\t\t\t<div class=\"e-con-inner\">\n\t\t\t\t<div class=\"elementor-element elementor-element-da0f3ed elementor-widget elementor-widget-html\" data-id=\"da0f3ed\" data-element_type=\"widget\" data-e-type=\"widget\" data-widget_type=\"html.default\">\n\t\t\t\t<div class=\"elementor-widget-container\">\n\t\t\t\t\t<div class=\"bluetropea-policy-container\">\n\n    <h1>Spedizioni<\/h1>\n    <br>\n    <h2>1. Tempi di evasione ordine<\/h2>\n    <p>Gli ordini vengono elaborati entro due giorni lavorativi dalla ricezione. Una volta portato a termine l\u2019acquisto e ricevuta la mail di conferma d\u2019ordine, gli ordini verranno evasi. I tempi di consegna della merce potranno variare a seconda del prodotto scelto, comunque mai prima di 2 (due) giorni lavorativi. L\u2019evasione potr\u00e0 subire dei ritardi durante le festivit\u00e0. Gli ordini saranno evasi e consegnati dal luned\u00ec al venerd\u00ec, esclusi festivi e feste nazionali. <strong>A.G. INTERNATIONAL S.R.L.<\/strong> non \u00e8 responsabile per i ritardi non prevedibili, fermo restando che, salvo i casi di forza maggiore, i Prodotti saranno consegnati entro un termine massimo di 20 (venti) giorni a decorrere dal giorno successivo a quello in cui il Cliente ha emesso l\u2019ordine a <strong>A.G. INTERNATIONAL S.R.L.<\/strong>.<\/p>\n    <p>Il giorno di consegna dipender\u00e0 dalla localit\u00e0 di destinazione e dalla disponibilit\u00e0 della merce ordinata. Le consegne non vengono effettuate nei giorni festivi e prefestivi.<\/p>\n\n    <h2>2. Modalit\u00e0 di consegna<\/h2>\n    <p>Le consegne dei prodotti si effettuano all\u2019indirizzo dal Cliente indicato nella procedura d\u2019acquisto attraverso il vettore in tutto il territorio italiano ad eccezione di Campione D\u2019Italia e Livigno. Il vettore si assume la piena responsabilit\u00e0 del trasporto, dalla presa in carico presso il fornitore, fino alla consegna all\u2019indirizzo indicato. <strong>A.G. INTERNATIONAL S.R.L.<\/strong> non si assume alcuna responsabilit\u00e0 per eventuali danni o comportamenti irregolari da parte del vettore.<\/p>\n    <p>E\u2019 possibile scegliere come indirizzo di spedizione il luogo pi\u00f9 comodo: la propria residenza, l\u2019ufficio o l\u2019indirizzo di un\u2019altra persona. Per la consegna della merce \u00e8 necessaria la presenza del Cliente o di un suo incaricato all\u2019indirizzo del destinatario indicato nell\u2019ordine.<\/p>\n    <p>Nessuna responsabilit\u00e0 pu\u00f2 essere imputata a <strong>A.G. INTERNATIONAL S.R.L.<\/strong> in caso di ritardo nell\u2019evasione dell\u2019ordine o nella consegna di quanto ordinato.<\/p>\n    <p>Al momento della consegna il cliente \u00e8 tenuto a controllare:<\/p>\n    <ul>\n        <li>che l\u2019imballo risulti integro, n\u00e9 danneggiato, n\u00e9 bagnato, o comunque alterato, anche nei materiali di chiusura;<\/li>\n        <li>che il numero dei colli corrisponda a quanto indicato nel documento di trasporto.<\/li>\n    <\/ul>\n    <p>Eventuali danni al prodotto o all\u2019imballo o la mancata corrispondenza delle indicazioni, devono essere immediatamente contestati al corriere apponendo RISERVA DI CONTROLLO SCRITTA, sulla prova di consegna del corriere. Una volta firmato il documento del corriere, il Cliente non potr\u00e0 opporre alcuna contestazione circa le caratteristiche esteriori di quanto consegnato.<\/p>\n    <p>Nel caso di mancato ritiro entro 5 giorni lavorativi del materiale presente in giacenza presso i magazzini del corriere a causa di reiterata impossibilit\u00e0 di consegna al recapito indicato dal Cliente all\u2019atto dell\u2019ordine, l\u2019ordine verr\u00e0 annullato.<\/p>\n    <p>Qualora qualche prodotto presentato sul portale non sia pi\u00f9 disponibile o in vendita al momento della conclusione dell\u2019operazione d\u2019acquisto, <strong>A.G. INTERNATIONAL S.R.L.<\/strong> comunicher\u00e0 l\u2019inconveniente entro 15 (quindici) giorni a decorrere dal giorno successivo a quello della trasmissione. Nel caso il Cliente abbia gi\u00e0 provveduto al pagamento dell\u2019ordine, <strong>A.G. INTERNATIONAL S.R.L.<\/strong> provveder\u00e0 al rimborso completo dell\u2019importo il pi\u00f9 presto possibile, e comunque non oltre 30 (trenta) giorni dalla ricezione dell\u2019ordine di acquisto. Per motivi di sicurezza non saranno effettuate consegne a caselle postali e l\u2019ordine non verr\u00e0 quindi evaso.<\/p>\n\n    <h2>3. Modalit\u00e0 di pagamento<\/h2>\n    <p>Per ogni ordine effettuato <strong>A.G. INTERNATIONAL S.R.L.<\/strong> emette documento di vendita del materiale spedito. Per l\u2019emissione della fattura, fanno fede le informazioni fornite dal cliente all\u2019atto dell\u2019ordine. Il Cliente pu\u00f2 richiedere la copia della fattura o della ricevuta fiscale entro il termine di tre mesi dall\u2019emissione.<\/p>\n    <p>Le spese di consegna sono a carico del Cliente e vengono indicate in sede di effettuazione dell\u2019ordine salvo quanto chiaramente previsto nell\u2019offerta di vendita.<\/p>\n    <p>Tutti i prezzi presenti sul sito sono da intendersi prezzi al pubblico e, quindi, comprensivi di IVA. I prezzi possono variare senza obbligo di preavviso e l\u2019unico prezzo corretto \u00e8 da intendersi quello indicato al momento della conferma dell\u2019ordine. Su determinati prodotti, oggetto di promozioni di prezzo, il venditore si riserva il diritto di accettare gli ordini riducendone la quantit\u00e0, previa comunicazione e accettazione da parte del cliente, in difetto della quale l\u2019ordine dovr\u00e0 ritenersi annullato.<\/p>\n    <p>Nei casi di acquisto della merce con modalit\u00e0 di pagamento \u201ccarta di credito\u201d, contestualmente alla conclusione della transazione online, l\u2019istituto bancario di riferimento provveder\u00e0 ad autorizzare il solo impegno dell\u2019importo relativo all\u2019acquisto effettuato.<\/p>\n    <p>Su richiesta, pu\u00f2 essere emessa una fattura della merce spedita all\u2019intestatario dell\u2019ordine, ai sensi del D.P.R. 445\/2000 e del D.L. 52\/2004. Per l\u2019emissione della fattura fanno fede le informazioni fornite dal Cliente all\u2019atto dell\u2019ordine. Nessuna variazione in fattura sar\u00e0 possibile dopo l\u2019emissione della stessa.<\/p>\n    <p>L\u2019invio della merce avviene solo dopo l\u2019accettazione dell\u2019ordine e la ricezione dell\u2019accredito.<br>\n    In caso di annullamento dell\u2019ordine, sia da parte del Cliente (per i motivi esposti al successivo punto 4B) sia nel caso di mancata accettazione dello stesso da parte del venditore per cause non imputabili alla propria volont\u00e0, verr\u00e0 effettuato l\u2019annullamento dello stesso e lo svincolo dell\u2019importo impegnato (i tempi di svincolo dipendono esclusivamente dal sistema bancario). Effettuato l\u2019annullamento della transazione, il venditore non pu\u00f2 essere ritenuto responsabile di eventuali danni, derivanti dallo svincolo dell\u2019importo impegnato da parte del sistema bancario.<\/p>\n    <p><strong>A.G. INTERNATIONAL S.R.L.<\/strong> si riserva la facolt\u00e0 di richiedere al Cliente documenti integrativi comprovanti la titolarit\u00e0 della carta di credito. In mancanza dell\u2019invio della documentazione <strong>A.G. INTERNATIONAL S.R.L.<\/strong> riserva la facolt\u00e0 di non accettare l\u2019ordine.<br>\n    La sicurezza delle transazioni \u00e8 garantita da un sistema di crittografia dei dati (SSL) e da collegamenti diretti, protetti e certificati.<\/p>\n\n    <h2>4. Recesso & garanzia legale<\/h2>\n    \n    <h3>A. Garanzia legale<\/h3>\n    <p>I prodotti acquistati sono sempre accompagnati da una garanzia legale che copre i vizi di produzione. La garanzia legale non pu\u00f2 essere fatta valere da chi ha acquistato i prodotti nell\u2019ambito della propria attivit\u00e0 imprenditoriale o professionale, indicando la propria partita IVA.<\/p>\n    <p>La garanzia legale d\u00e0 diritto a richiedere a <strong>A.G. INTERNATIONAL S.R.L.<\/strong>, la sostituzione del bene, senza spese, a patto che la soluzione richiesta non risulti impossibile o eccessivamente onerosa, considerati: l\u2019entit\u00e0 dell\u2019eventuale difetto, il valore del prodotto privo di difetto e l\u2019eventualit\u00e0 che l\u2019alternativa possa essere attuata evitando notevoli inconvenienti al Cliente; nel caso in cui la riparazione o la sostituzione risultino impossibili, eccessivamente onerose oppure siano tardive o comportino notevoli inconvenienti per il Cliente e non risultino efficaci a risolvere il problema il Cliente ha diritto di chiedere una riduzione del prezzo. Nel determinare l\u2019importo della riduzione si deve tenere conto dell\u2019uso del bene. In ogni caso, per difetti di lieve entit\u00e0 per i quali non \u00e8 stato possibile procedere alla sostituzione del prodotto non si potr\u00e0 procedere alla risoluzione del contratto.<\/p>\n    <p>Il venditore effettua la sostituzione del prodotto entro il tempo massimo di 30 giorni dalla consegna.<\/p>\n    <p>Al fine di far valere la garanzia il Cliente deve per legge:<\/p>\n    <ul>\n        <li>conservare e esibire lo scontrino di acquisto;<\/li>\n        <li>denunciare il vizio entro sette giorni dalla sua scoperta;<\/li>\n    <\/ul>\n\n    <h3>B. Diritto di recesso<\/h3>\n    <p><strong>A.G. INTERNATIONAL S.R.L.<\/strong> si riserva il diritto di non accettare merce dello stesso ordine, resi e spediti in momenti diversi. Le spese di rientro della merce saranno a carico del cliente, ivi compresa la responsabilit\u00e0 in caso di smarrimento o danneggiamento dei prodotti.<\/p>\n    <p>Nel caso in cui non vi fosse corrispondenza tra il destinatario dei prodotti indicato nell\u2019ordine e chi ha eseguito il pagamento delle somme dovute per il loro acquisto, il rimborso delle somme, in caso di esercizio di recesso, sar\u00e0 nei confronti di chi ha eseguito il pagamento.<\/p>\n    <p>Al cliente online che agisca in qualit\u00e0 di consumatore \u00e8 attribuito il diritto di recesso dal contratto, cos\u00ec come previsto dagli artt. 64 \u2013 67 del D.Lgs. n. 206\/2005, detto Codice del Consumo. Si precisa che questo diritto \u00e8 riservato soltanto alle persone fisiche, cio\u00e8 a quei consumatori privati che agiscano per scopi estranei alla propria professione. Non \u00e8 previsto diritto di recesso per le persone giuridiche e fisiche che agiscano, in riferimento al contratto di acquisto, in ambito professionale.<\/p>\n    <p>Ai sensi e nei limiti di cui all\u2019art. 64 del Codice del Consumo, il consumatore ha facolt\u00e0, entro 14 giorni di calendario dal ricevimento dei prodotti acquistati, di esercitare il diritto di recesso, consistente nella possibilit\u00e0 di restituire i prodotti ricevuti e di ottenere il rimborso del prezzo pagato, senza penalit\u00e0 e senza necessit\u00e0 di specificarne il motivo.<\/p>\n    <p>Tale diritto si applica a tutti i prodotti acquistati online nel presente sito. Le spese di restituzione del prodotto sono a carico del consumatore.<\/p>\n    <p>Il diritto di recesso decade totalmente qualora il prodotto restituito non sia integro, per l\u2019assenza, ad esempio, di elementi integranti del prodotto oppure in quanto il prodotto abbia subito danni per cause diverse dal trasporto dal Venditore al consumatore, non segnalati in precedenza.<br>\n    Senza limitazioni del diritto di recesso, all\u2019atto della consegna del prodotto il consumatore, che abbia motivo di ritenere che il prodotto stesso sia stato danneggiato durante il trasporto, dovr\u00e0 rifiutare la consegna oppure accettarla con espressa riserva.<\/p>\n    <p>Ogni ritiro di colli integri dovr\u00e0 essere effettuato dal cliente apponendo la dicitura \u201cCOLLO INTEGRO, RITIRO CON RISERVA DI CONTROLLO CONTENUTO\u201d sull\u2019apposito documento accompagnatorio (art. 1698 Codice Civile). Ogni anomalia dovr\u00e0 poi essere comunicata entro otto giorni.<\/p>\n\n    <h3>Procedura per esercitare il diritto di recesso<\/h3>\n    <p>Per esercitare il diritto di recesso \u00e8 necessario inviare, entro 14 giorni di calendario dal ricevimento del prodotto acquistato, una comunicazione nella quale venga chiaramente manifestata la volont\u00e0 di recedere dal contratto d\u2019acquisto.<br>\n    Tale comunicazione va inviata, mediante lettera raccomandata con avviso di ricevimento.<\/p>\n    <p>La comunicazione pu\u00f2 essere inviata, entro lo stesso termine, anche mediante telegramma (all\u2019indirizzo dell\u2019azienda).<\/p>\n    <p>Il consumatore dovr\u00e0 poi provvedere, utilizzando un corriere a propria scelta, alla spedizione del prodotto (se possibile nella confezione originale e, comunque, sempre accuratamente imballato) e di tutto quanto in origine contenuto.<br>\n    Il consumatore dovr\u00e0 effettuare tale spedizione entro quattordici giorni lavorativi dalla data in cui ha inviato la comunicazione di esercizio del diritto di recesso.<\/p>\n\n    <h3>Note importanti<\/h3>\n    <p>Le spese di trasporto e la responsabilit\u00e0 della merce durante la spedizione, come previsto dalla legge, sono a carico del consumatore.<br>\n    Si consiglia pertanto di assicurare il prodotto presso il corriere prescelto, avendo cura di imballare con attenzione la merce, ove possibile inserendo la confezione originale in una scatola esterna e, comunque, evitando di danneggiare il prodotto con nastri adesivi, etichette, etc. Il prodotto dovr\u00e0 essere restituito integro e completo di tutte le sue parti ed accessori, comprese eventuali garanzie. In caso di danno da trasporto avvenuto durante la restituzione, <strong>A.G. INTERNATIONAL S.R.L.<\/strong> provveder\u00e0 a comunicare il danno al consumatore entro cinque giorni lavorativi dal ricevimento del prodotto, consentendo al consumatore di sporgere denuncia al corriere utilizzato per il trasporto. La merce danneggiata sar\u00e0 resa disponibile per la restituzione e la richiesta di recesso verr\u00e0 contemporaneamente annullata. Salvo quanto in appresso previsto per il caso di recesso parziale, <strong>A.G. INTERNATIONAL S.R.L.<\/strong> provveder\u00e0 a rimborsare, entro 14 giorni di calendario dal momento in cui <strong>A.G. INTERNATIONAL S.R.L.<\/strong> \u00e8 venuto a conoscenza dell\u2019esercizio del diritto di recesso, l\u2019intero importo dell\u2019acquisto e delle spese di trasporto per la consegna, tramite procedura di storno sulla carta di credito o a mezzo bonifico bancario sul conto corrente indicato dal consumatore; restano a carico di quest\u2019ultimo le spese di trasporto per la restituzione del prodotto.<\/p>\n    <p>Qualora il recesso fosse parziale (ossia riguardasse solo una parte di prodotti recapitati con un\u2019unica consegna), \u00e8 escluso il rimborso delle spese di spedizione sostenute dal consumatore per la consegna dei prodotti al momento dell\u2019acquisto.<\/p>\n\n    <h3>Richiesta di Annullamento dell\u2019Ordine<\/h3>\n    <p>L\u2019ordine di acquisto pu\u00f2 essere annullato integralmente se, al momento della richiesta di annullamento, \u00e8 ancora in corso di preparazione la spedizione del prodotto e, in ogni caso, se l\u2019importo non sia stato ancora incassato; in tal caso non verr\u00e0 addebitato alcun costo al Cliente. Se al momento della richiesta di annullamento dell\u2019ordine di acquisto il prodotto risulti gi\u00e0 affidato al corriere o, in ogni caso, l\u2019importo sia stato incassato, il consumatore dovr\u00e0 esercitare il diritto di recesso e rispedire a <strong>A.G. INTERNATIONAL S.R.L.<\/strong> la merce.<br>\n    A tal fine, \u00e8 necessario seguire le procedure sopra indicate per l\u2019esercizio del diritto di recesso.<\/p>\n\n    <h3>Ad ogni Utente \u00e8 vietato, sia per s\u00e9 o per conto di qualcuno:<\/h3>\n    <ul>\n        <li>utilizzare il sito di <strong>A.G. INTERNATIONAL S.R.L.<\/strong> per scopi illegali, illeciti o non autorizzati o che possano ledere alcun diritto di terzi, inclusi diritti di propriet\u00e0 industriale\/intellettuale diritti alla privacy, ecc.;<\/li>\n        <li>impersonare identit\u00e0 altrui, nascondere la propria identit\u00e0 o fornire direttamente o indirettamente informazioni false;<\/li>\n        <li>effettuare attraverso il Portale attivit\u00e0 di propaganda, sponsorizzazione, pubblicit\u00e0 o che abbiano fini, anche indirettamente, commerciali di tipo professionale;<\/li>\n        <li>copiare, modificare, alterare in alcun modo qualsiasi sezione del sito di <strong>A.G. INTERNATIONAL S.R.L.<\/strong>; causare pregiudizi a terzi o ad altri Utenti.<\/li>\n    <\/ul>\n    <p>Per maggiori informazioni \u00e8 possibile scriverci a: <strong>info@bluetropea.it<\/strong>.<\/p>\n\n<\/div>\t\t\t\t<\/div>\n\t\t\t\t<\/div>\n\t\t\t\t\t<\/div>\n\t\t\t\t<\/div>\n\t\t\t\t<\/div>\n\t\t","protected":false},"excerpt":{"rendered":"<p>Spedizioni 1. Tempi di evasione ordine Gli ordini vengono elaborati entro due giorni lavorativi dalla ricezione. Una volta portato a termine l\u2019acquisto e ricevuta la mail di conferma d\u2019ordine, gli ordini verranno evasi. I tempi di consegna della merce potranno variare a seconda del prodotto scelto, comunque mai prima di 2 (due) giorni lavorativi. L\u2019evasione [&hellip;]<\/p>\n","protected":false},"author":1,"featured_media":0,"parent":0,"menu_order":0,"comment_status":"closed","ping_status":"closed","template":"","meta":{"footnotes":""},"class_list":["post-245","page","type-page","status-publish","hentry"],"yoast_head":"<!-- This site is optimized with the Yoast SEO plugin v27.4 - https:\/\/yoast.com\/product\/yoast-seo-wordpress\/ -->\n<title>Spedizioni - Blue Tropea - Laboratorio Artigianale Cosmetici in Calabria<\/title>\n<meta name=\"robots\" content=\"noindex, follow, max-snippet:-1, max-image-preview:large, max-video-preview:-1\" \/>\n<meta property=\"og:locale\" content=\"it_IT\" \/>\n<meta property=\"og:type\" content=\"article\" \/>\n<meta property=\"og:title\" content=\"Spedizioni - Blue Tropea - Laboratorio Artigianale Cosmetici in Calabria\" \/>\n<meta property=\"og:description\" content=\"Spedizioni 1. Tempi di evasione ordine Gli ordini vengono elaborati entro due giorni lavorativi dalla ricezione. Una volta portato a termine l\u2019acquisto e ricevuta la mail di conferma d\u2019ordine, gli ordini verranno evasi. I tempi di consegna della merce potranno variare a seconda del prodotto scelto, comunque mai prima di 2 (due) giorni lavorativi. L\u2019evasione [&hellip;]\" \/>\n<meta property=\"og:url\" content=\"https:\/\/bluetropea.it\/index.php\/spedizioni\/\" \/>\n<meta property=\"og:site_name\" content=\"Blue Tropea - Laboratorio Artigianale Cosmetici in Calabria\" \/>\n<meta property=\"article:modified_time\" content=\"2026-03-07T08:27:08+00:00\" \/>\n<meta name=\"twitter:card\" content=\"summary_large_image\" \/>\n<meta name=\"twitter:label1\" content=\"Tempo di lettura stimato\" \/>\n\t<meta name=\"twitter:data1\" content=\"11 minuti\" \/>\n<script type=\"application\/ld+json\" class=\"yoast-schema-graph\">{\"@context\":\"https:\\\/\\\/schema.org\",\"@graph\":[{\"@type\":\"WebPage\",\"@id\":\"https:\\\/\\\/bluetropea.it\\\/index.php\\\/spedizioni\\\/\",\"url\":\"https:\\\/\\\/bluetropea.it\\\/index.php\\\/spedizioni\\\/\",\"name\":\"Spedizioni - Blue Tropea - Laboratorio Artigianale Cosmetici in Calabria\",\"isPartOf\":{\"@id\":\"https:\\\/\\\/bluetropea.it\\\/#website\"},\"datePublished\":\"2026-03-07T08:22:18+00:00\",\"dateModified\":\"2026-03-07T08:27:08+00:00\",\"breadcrumb\":{\"@id\":\"https:\\\/\\\/bluetropea.it\\\/index.php\\\/spedizioni\\\/#breadcrumb\"},\"inLanguage\":\"it-IT\",\"potentialAction\":[{\"@type\":\"ReadAction\",\"target\":[\"https:\\\/\\\/bluetropea.it\\\/index.php\\\/spedizioni\\\/\"]}]},{\"@type\":\"BreadcrumbList\",\"@id\":\"https:\\\/\\\/bluetropea.it\\\/index.php\\\/spedizioni\\\/#breadcrumb\",\"itemListElement\":[{\"@type\":\"ListItem\",\"position\":1,\"name\":\"Home\",\"item\":\"https:\\\/\\\/bluetropea.it\\\/\"},{\"@type\":\"ListItem\",\"position\":2,\"name\":\"Spedizioni\"}]},{\"@type\":\"WebSite\",\"@id\":\"https:\\\/\\\/bluetropea.it\\\/#website\",\"url\":\"https:\\\/\\\/bluetropea.it\\\/\",\"name\":\"Blue Tropea - Laboratorio Artigianale Cosmetici in Calabria\",\"description\":\"\",\"publisher\":{\"@id\":\"https:\\\/\\\/bluetropea.it\\\/#organization\"},\"potentialAction\":[{\"@type\":\"SearchAction\",\"target\":{\"@type\":\"EntryPoint\",\"urlTemplate\":\"https:\\\/\\\/bluetropea.it\\\/?s={search_term_string}\"},\"query-input\":{\"@type\":\"PropertyValueSpecification\",\"valueRequired\":true,\"valueName\":\"search_term_string\"}}],\"inLanguage\":\"it-IT\"},{\"@type\":\"Organization\",\"@id\":\"https:\\\/\\\/bluetropea.it\\\/#organization\",\"name\":\"Blue Tropea - Laboratorio Artigianale Cosmetici in Calabria\",\"url\":\"https:\\\/\\\/bluetropea.it\\\/\",\"logo\":{\"@type\":\"ImageObject\",\"inLanguage\":\"it-IT\",\"@id\":\"https:\\\/\\\/bluetropea.it\\\/#\\\/schema\\\/logo\\\/image\\\/\",\"url\":\"https:\\\/\\\/bluetropea.it\\\/wp-content\\\/uploads\\\/2024\\\/10\\\/logo2-bianco.png.webp\",\"contentUrl\":\"https:\\\/\\\/bluetropea.it\\\/wp-content\\\/uploads\\\/2024\\\/10\\\/logo2-bianco.png.webp\",\"width\":300,\"height\":82,\"caption\":\"Blue Tropea - Laboratorio Artigianale Cosmetici in Calabria\"},\"image\":{\"@id\":\"https:\\\/\\\/bluetropea.it\\\/#\\\/schema\\\/logo\\\/image\\\/\"}}]}<\/script>\n<!-- \/ Yoast SEO plugin. -->","yoast_head_json":{"title":"Spedizioni - Blue Tropea - Laboratorio Artigianale Cosmetici in Calabria","robots":{"index":"noindex","follow":"follow","max-snippet":"max-snippet:-1","max-image-preview":"max-image-preview:large","max-video-preview":"max-video-preview:-1"},"og_locale":"it_IT","og_type":"article","og_title":"Spedizioni - Blue Tropea - Laboratorio Artigianale Cosmetici in Calabria","og_description":"Spedizioni 1. Tempi di evasione ordine Gli ordini vengono elaborati entro due giorni lavorativi dalla ricezione. Una volta portato a termine l\u2019acquisto e ricevuta la mail di conferma d\u2019ordine, gli ordini verranno evasi. I tempi di consegna della merce potranno variare a seconda del prodotto scelto, comunque mai prima di 2 (due) giorni lavorativi. L\u2019evasione [&hellip;]","og_url":"https:\/\/bluetropea.it\/index.php\/spedizioni\/","og_site_name":"Blue Tropea - Laboratorio Artigianale Cosmetici in Calabria","article_modified_time":"2026-03-07T08:27:08+00:00","twitter_card":"summary_large_image","twitter_misc":{"Tempo di lettura stimato":"11 minuti"},"schema":{"@context":"https:\/\/schema.org","@graph":[{"@type":"WebPage","@id":"https:\/\/bluetropea.it\/index.php\/spedizioni\/","url":"https:\/\/bluetropea.it\/index.php\/spedizioni\/","name":"Spedizioni - Blue Tropea - Laboratorio Artigianale Cosmetici in Calabria","isPartOf":{"@id":"https:\/\/bluetropea.it\/#website"},"datePublished":"2026-03-07T08:22:18+00:00","dateModified":"2026-03-07T08:27:08+00:00","breadcrumb":{"@id":"https:\/\/bluetropea.it\/index.php\/spedizioni\/#breadcrumb"},"inLanguage":"it-IT","potentialAction":[{"@type":"ReadAction","target":["https:\/\/bluetropea.it\/index.php\/spedizioni\/"]}]},{"@type":"BreadcrumbList","@id":"https:\/\/bluetropea.it\/index.php\/spedizioni\/#breadcrumb","itemListElement":[{"@type":"ListItem","position":1,"name":"Home","item":"https:\/\/bluetropea.it\/"},{"@type":"ListItem","position":2,"name":"Spedizioni"}]},{"@type":"WebSite","@id":"https:\/\/bluetropea.it\/#website","url":"https:\/\/bluetropea.it\/","name":"Blue Tropea - Laboratorio Artigianale Cosmetici in Calabria","description":"","publisher":{"@id":"https:\/\/bluetropea.it\/#organization"},"potentialAction":[{"@type":"SearchAction","target":{"@type":"EntryPoint","urlTemplate":"https:\/\/bluetropea.it\/?s={search_term_string}"},"query-input":{"@type":"PropertyValueSpecification","valueRequired":true,"valueName":"search_term_string"}}],"inLanguage":"it-IT"},{"@type":"Organization","@id":"https:\/\/bluetropea.it\/#organization","name":"Blue Tropea - Laboratorio Artigianale Cosmetici in Calabria","url":"https:\/\/bluetropea.it\/","logo":{"@type":"ImageObject","inLanguage":"it-IT","@id":"https:\/\/bluetropea.it\/#\/schema\/logo\/image\/","url":"https:\/\/bluetropea.it\/wp-content\/uploads\/2024\/10\/logo2-bianco.png.webp","contentUrl":"https:\/\/bluetropea.it\/wp-content\/uploads\/2024\/10\/logo2-bianco.png.webp","width":300,"height":82,"caption":"Blue Tropea - Laboratorio Artigianale Cosmetici in Calabria"},"image":{"@id":"https:\/\/bluetropea.it\/#\/schema\/logo\/image\/"}}]}},"jetpack_sharing_enabled":true,"_links":{"self":[{"href":"https:\/\/bluetropea.it\/index.php\/wp-json\/wp\/v2\/pages\/245","targetHints":{"allow":["GET"]}}],"collection":[{"href":"https:\/\/bluetropea.it\/index.php\/wp-json\/wp\/v2\/pages"}],"about":[{"href":"https:\/\/bluetropea.it\/index.php\/wp-json\/wp\/v2\/types\/page"}],"author":[{"embeddable":true,"href":"https:\/\/bluetropea.it\/index.php\/wp-json\/wp\/v2\/users\/1"}],"replies":[{"embeddable":true,"href":"https:\/\/bluetropea.it\/index.php\/wp-json\/wp\/v2\/comments?post=245"}],"version-history":[{"count":7,"href":"https:\/\/bluetropea.it\/index.php\/wp-json\/wp\/v2\/pages\/245\/revisions"}],"predecessor-version":[{"id":252,"href":"https:\/\/bluetropea.it\/index.php\/wp-json\/wp\/v2\/pages\/245\/revisions\/252"}],"wp:attachment":[{"href":"https:\/\/bluetropea.it\/index.php\/wp-json\/wp\/v2\/media?parent=245"}],"curies":[{"name":"wp","href":"https:\/\/api.w.org\/{rel}","templated":true}]}}